{"id":122,"date":"2017-08-31T12:48:08","date_gmt":"2017-08-31T16:48:08","guid":{"rendered":"http:\/\/www.univistaweston.com\/?page_id=122"},"modified":"2018-09-26T13:56:34","modified_gmt":"2018-09-26T17:56:34","slug":"sobre-nosotros","status":"publish","type":"page","link":"http:\/\/www.univistaweston.com\/?page_id=122","title":{"rendered":"Sobre Nosotros"},"content":{"rendered":"<section class=\"wpb-content-wrapper\"><p>[vc_row][vc_column][vc_column_text]<\/p>\n<div class=\"su-row\">\n<div class=\"su-column su-column-size-1-2\">\n<div class=\"su-column-inner su-clearfix\">\n<p>Univista Insurance localizado en Weston se especializa en la prestaci\u00f3n de seguros de autos en el Sur de la Florida, de viviendas, de propiedades comerciales, de vida y de salud.<\/p>\n<p>Debido a su trabajo profesional y constante Univista insurance se ha convertido en un l\u00edder de confianza entre otras agencias y compa\u00f1\u00edas de seguros de la Florida. Brindando protecci\u00f3n de calidad, con un servicio al cliente superior y las tarifas m\u00e1s bajas de seguro en la Florida.<\/p>\n<\/div>\n<\/div>\n<\/div>\n<p>Una de las claves que hacen diferente a Univista insurance es el servicio integral dado. Como una agencia de seguros de servicio completo en Florida, educamos a nuestros clientes a tomar una decisi\u00f3n adecuada en cuanto a sus necesidades de seguros.<\/p>\n<p>Tambi\u00e9n ofrecemos servicios de asesor\u00eda financiera para ayudar a nuestros clientes a tomar decisiones correctas. Es esta actitud la que hace que Univista Insurance se destaque como un l\u00edder dentro de la comunidad de seguros de autos y casas en Florida.<\/p>\n<p>Nosotros representamos a las compa\u00f1\u00edas de seguros y productos a nivel nacional. Lo cual permite a nuestros agentes expertos entregar el mejor servicio a nuestros clientes para asegurar que reciban la protecci\u00f3n de la calidad merecida.<\/p>\n<p>En Univista Insurance nuestra meta es ofrecerles la mejor cobertura al mejor precio para cubrir todas sus necesidades de seguros.[\/vc_column_text][vc_column_text]<\/p>\n<h3>Seguro de Vivienda en Miami &#8211; Florida<\/h3>\n<p>Una casa es probablemente la compra m\u00e1s cara que usted har\u00e1. Por lo tanto, el seguro de casa es esencial para proteger su inversi\u00f3n contra la posibilidad de la calamidad y un posible desastre econ\u00f3mico. Usted compra una casa, pero puede perder su hogar y Univista Insurance reconoce la diferencia.<\/p>\n<p>Su hogar consiste en algo m\u00e1s que su casa. Un hogar incluye las cosas y estructuras en su patio, el equipo en su garaje, el jarr\u00f3n y fotos en la mesa del comedor. El seguro de vivienda de Univista le permite proteger cada parte de su casa y le permite disfrutar de una mayor sensaci\u00f3n de seguridad.<\/p>\n<p>Cualquier compa\u00f1\u00eda hipotecaria requerir\u00e1 que usted tenga un seguro adecuado con el fin de satisfacer el importe del pr\u00e9stamo. Una p\u00f3liza de seguro de vivienda no s\u00f3lo protege su hogar y su contenido contra incendio, robo, desastres naturales y muchos da\u00f1os imprevistos, sino que tambi\u00e9n incluye cobertura de responsabilidad civil por lesiones o da\u00f1os que puedan ser causados por terceras personas en su propiedad. Una p\u00f3liza de seguro de vivienda bien planificada tambi\u00e9n permitir\u00e1 el pago de la renta y otros gastos incurridos cuando usted no pueda vivir en su casa.<\/p>\n<h3>Seguro Auto en Miami &#8211; Florida<\/h3>\n<p>Univista Insurance localizado en Weston se ha convertido en una de las Agencias de Seguros de mayor crecimiento en el sur de la Florida. Esto ha sido posible gracias al servicio al cliente de calidad proporcionado, la profesionalidad y el conocimiento de nuestros empleados y los excelentes descuentos ofrecidos en el seguro de carro en Miami.<\/p>\n<p>El Estado de la Florida requiere que usted lleve un seguro de m\u00ednima cobertura para su veh\u00edculo o mayor. Estos requisitos son de $ 10,000 para lesiones corporales o la muerte de una persona.<\/p>\n<p>Tambi\u00e9n necesita 20,000 d\u00f3lares de cobertura por los da\u00f1os o la muerte a m\u00e1s de una persona, y $ 10.000 para la cobertura de da\u00f1os a la propiedad. Esto es mejor conocido como (PIP) protecci\u00f3n contra lesiones personales.<\/p>\n<p>El estado de Florida es un estado de fallo, por lo que debe discutir las p\u00f3lizas con un agente de seguro de auto de Univista acerca de su p\u00f3liza actual, s\u00f3lo para asegurarse de que su p\u00f3liza de seguro le dar\u00e1 la cobertura que necesita. Usted no quiere tener un accidente que deje su veh\u00edculo irreparable, cuando pensaba que su seguro de auto lo cubr\u00eda todo.<\/p>\n<p>Si usted compr\u00f3 un auto nuevo o usado y lo financi\u00f3, hay muchos otros tipos de cobertura que puede necesitar, m\u00e1s all\u00e1 de los requisitos m\u00ednimos. Es probable que necesite una cobertura total, m\u00e1s cobertura GAP para proteger completamente el veh\u00edculo en un accidente. El seguro GAP pagar\u00e1 el pr\u00e9stamo en el veh\u00edculo y no ser\u00e1 responsable por el monto del pr\u00e9stamo si su veh\u00edculo es p\u00e9rdida total. Su agente de seguro de carro con Univista tendr\u00e1 todos los detalles.<\/p>\n<h3>Seguro Comercial en Miami &#8211; Florida<\/h3>\n<p>El seguro comercial en Miami para la cobertura de responsabilidad comercial y profesional se pueden considerar una gran variedad de seguros, tales como seguro de auto para veh\u00edculos de flota, seguro de responsabilidad general, seguro de propiedad comercial (condominios, grandes edificios, almacenes), responsabilidad de productos, liability de directores y funcionarios.<\/p>\n<p>Asimismo, los empleadores tienen la obligaci\u00f3n legal de mantener seguro el lugar de trabajo de sus empleados. Sin embargo, los accidentes ocurren, incluso cuando se han tomado todas las medidas de seguridad razonables y prevenci\u00f3n de accidentes.<\/p>\n<p>Con el fin de proteger mejor a los empleadores, de demandas que pueden resultar de accidentes de trabajo y proporcionar atenci\u00f3n m\u00e9dica y la indemnizaci\u00f3n por p\u00e9rdida de ingresos a los trabajadores que puedan verse perjudicados en accidentes de trabajo, las compa\u00f1\u00edas pueden ser obligadas a comprar un seguro de compensaci\u00f3n al trabajador.<\/p>\n<p>Los seguros para peque\u00f1as compa\u00f1\u00edas son asequibles y una buena soluci\u00f3n para proteger su negocio. Ofrecemos todo tipo de seguros comerciales para garantizar una cobertura y protecci\u00f3n \u00f3ptima para sus empleados, sus pertenencias y propiedades.<\/p>\n<p>Univista est\u00e1 listo para ayudarle en la identificaci\u00f3n de todas las posibles necesidades de cobertura comercial y profesional. Por favor, p\u00f3ngase en contacto con nosotros para obtener informaci\u00f3n adicional.[\/vc_column_text][vc_single_image image=\u00bb143&#8243; img_size=\u00bbfull\u00bb alignment=\u00bbcenter\u00bb onclick=\u00bbcustom_link\u00bb link=\u00bbhttp:\/\/www.univistaweston.com\/contactenos\/\u00bb][\/vc_column][\/vc_row]<\/p>\n<\/section>","protected":false},"excerpt":{"rendered":"<p>[vc_row][vc_column][vc_column_text] Univista Insurance localizado en Weston se especializa en la prestaci\u00f3n de seguros de autos en el Sur de la Florida, de viviendas, de propiedades comerciales, de vida y de salud. Debido a su trabajo profesional y constante Univista insurance se ha convertido en un l\u00edder de confianza entre otras agencias y compa\u00f1\u00edas de seguros&hellip;<\/p>\n","protected":false},"author":1,"featured_media":0,"parent":0,"menu_order":0,"comment_status":"closed","ping_status":"closed","template":"","meta":[],"_links":{"self":[{"href":"http:\/\/www.univistaweston.com\/index.php?rest_route=\/wp\/v2\/pages\/122"}],"collection":[{"href":"http:\/\/www.univistaweston.com\/index.php?rest_route=\/wp\/v2\/pages"}],"about":[{"href":"http:\/\/www.univistaweston.com\/index.php?rest_route=\/wp\/v2\/types\/page"}],"author":[{"embeddable":true,"href":"http:\/\/www.univistaweston.com\/index.php?rest_route=\/wp\/v2\/users\/1"}],"replies":[{"embeddable":true,"href":"http:\/\/www.univistaweston.com\/index.php?rest_route=%2Fwp%2Fv2%2Fcomments&post=122"}],"version-history":[{"count":8,"href":"http:\/\/www.univistaweston.com\/index.php?rest_route=\/wp\/v2\/pages\/122\/revisions"}],"predecessor-version":[{"id":191,"href":"http:\/\/www.univistaweston.com\/index.php?rest_route=\/wp\/v2\/pages\/122\/revisions\/191"}],"wp:attachment":[{"href":"http:\/\/www.univistaweston.com\/index.php?rest_route=%2Fwp%2Fv2%2Fmedia&parent=122"}],"curies":[{"name":"wp","href":"https:\/\/api.w.org\/{rel}","templated":true}]}}